{"id":6449,"date":"2024-12-03T12:37:59","date_gmt":"2024-12-03T12:37:59","guid":{"rendered":"https:\/\/www.ckhimalaya.com\/?post_type=product&#038;p=6449"},"modified":"2025-12-17T17:36:42","modified_gmt":"2025-12-17T17:36:42","slug":"cesko-lavinovy-kurz-v-krkonosich-pod-vedenim-horskych-vudcu-uiagm","status":"publish","type":"product","link":"https:\/\/www.ckhimalaya.com\/en\/shop\/cesko-lavinovy-kurz-v-krkonosich-pod-vedenim-horskych-vudcu-uiagm\/","title":{"rendered":"Czech Republic \u2013 Avalanche course in the Krkono\u0161e mountains under the guidance of UIAGM"},"content":{"rendered":"<div class=\"elementor-element elementor-element-59520a6 elementor-position-left elementor-mobile-position-left elementor-widget__width-initial elementor-widget-mobile__width-initial elementor-view-default elementor-vertical-align-top elementor-widget elementor-widget-icon-box\" data-id=\"59520a6\" data-element_type=\"widget\" data-widget_type=\"icon-box.default\">\n<div class=\"elementor-widget-container\">\n<div class=\"elementor-icon-box-wrapper\">\n<div class=\"elementor-icon-box-content\">\n<ul>\n<li class=\"elementor-icon-box-description\"><strong>Term:<\/strong> 23-25.1.2026 | 6-8.2.2026 | 20-22.2.2026<\/li>\n<li class=\"elementor-icon-box-description\"><strong>Price:<\/strong> 4790 CZK per person (min. number of 5 participants in the group)<\/li>\n<\/ul>\n<hr \/>\n<\/div>\n<\/div>\n<\/div>\n<\/div>\n<p><span style=\"color: #0063b2;\"><strong>For complete information about the event and frequently asked questions, <a style=\"color: #0063b2;\" href=\"https:\/\/www.ckhimalaya.com\/en\/cesko-lavinovy-kurz-v-krkonosich-pod-vedenim-horskych-vudcu-uiagm\/\">CLICK HERE<\/a>.<\/strong><\/span><\/p>","protected":false},"excerpt":{"rendered":"<p><strong>In this avalanche course, we rely on small groups and an individual approach during training.<\/strong><\/p>\n<p>The avalanche course lasts 2.5 days. We start the evening with a visit to the chat and a theoretical lecture. We combine interactive teaching at the cottage with practice in the field in the vicinity of Labsk\u00e1 bouda. We have a Pieps ART trainer, an ARVA training sail and an Ortovox SAM (Safety Academy Mountain) 3D tour planning training model. You will try working with individual types of avalanche search engines, you will practice searching for one or more people buried in an avalanche and their rescue, and the basics of first aid. You&#039;ll learn how to recognize potentially dangerous terrain, how to plan your hike, and how to behave in an avalanche once you get into it. You can experience the feeling of being buried. You will get to know the function of the ABS-airbag avalanche backpack.<\/p>\n<p>We recommend taking the avalanche course on alpine skis or on a splitboard or snowboard in combination with snowshoes.<br \/>\nThe teaching is supplemented by a sample hike, and the practical teaching takes place directly in the field on the hike, in the vicinity of the Labska bouda.<\/p>\n<p>Two evenings at the Labska bouda with an experienced UIAGM mountain guide also give you enough space for discussions and your questions. At events, we use and rent outdoor equipment from Pieps, ABS avalanche airbag, SKI TRAB, Edelrid and Gara Splitboards.<\/p>","protected":false},"featured_media":3362,"comment_status":"open","ping_status":"closed","template":"","meta":{"_acf_changed":false},"product_brand":[],"product_cat":[33],"product_tag":[],"class_list":{"0":"post-6449","1":"product","2":"type-product","3":"status-publish","4":"has-post-thumbnail","6":"product_cat-nezarazene","8":"first","9":"instock","10":"shipping-taxable","11":"purchasable","12":"product-type-simple"},"acf":[],"yoast_head":"<!-- This site is optimized with the Yoast SEO plugin v26.9 - https:\/\/yoast.com\/product\/yoast-seo-wordpress\/ -->\n<title>\u010cesko - Lavinov\u00fd kurz v Krkono\u0161\u00edch pod veden\u00edm horsk\u00fdch v\u016fdc\u016f UIAGM - CK Himalaya<\/title>\n<meta name=\"robots\" content=\"index, follow, max-snippet:-1, max-image-preview:large, max-video-preview:-1\" \/>\n<link rel=\"canonical\" href=\"https:\/\/www.ckhimalaya.com\/en\/shop\/cesko-lavinovy-kurz-v-krkonosich-pod-vedenim-horskych-vudcu-uiagm\/\" \/>\n<meta property=\"og:locale\" content=\"en_US\" \/>\n<meta property=\"og:type\" content=\"article\" \/>\n<meta property=\"og:title\" content=\"\u010cesko - Lavinov\u00fd kurz v Krkono\u0161\u00edch pod veden\u00edm horsk\u00fdch v\u016fdc\u016f UIAGM - CK Himalaya\" \/>\n<meta property=\"og:description\" content=\"V tomto lavinov\u00e9m kurzu si b\u011bhem tr\u00e9ninku zakl\u00e1d\u00e1me na mal\u00fdch skupink\u00e1ch a individu\u00e1ln\u00edm p\u0159\u00edstupu.  Lavinov\u00fd kurz trv\u00e1 2,5 dne. Zahajujeme ve\u010der p\u0159\u00edchodem na chatu a teoretickou p\u0159edn\u00e1\u0161kou. Kombinujeme interaktivn\u00ed v\u00fduku na chat\u011b s prax\u00ed v ter\u00e9nu v okol\u00ed Labsk\u00e9 boudy. K dispozici m\u00e1me trena\u017eer Pieps ART, v\u00fdukovou plachtu ARVA a tr\u00e9ninkov\u00fd 3D model pro pl\u00e1nov\u00e1n\u00ed t\u00fary Ortovox SAM (Safety Academy Mountain). Vyzkou\u0161\u00edte si pr\u00e1ci s jednotliv\u00fdmi typy lavinov\u00fdch vyhled\u00e1va\u010d\u016f, nacvi\u010d\u00edte si hled\u00e1n\u00ed jednoho a v\u00edce zasypan\u00fdch v lavin\u011b a jejich z\u00e1chranu a z\u00e1klady prvn\u00ed pomoci. Nau\u010d\u00edte se poznat potenci\u00e1ln\u011b nebezpe\u010dn\u00fd ter\u00e9n, jak napl\u00e1novat t\u00faru a jak se chovat v lavin\u011b, kdy\u017e u\u017e se do n\u00ed dostanete. Vyzkou\u0161et si m\u016f\u017eete pocit zasypan\u00e9ho. Sezn\u00e1m\u00edte se s funkc\u00ed lavinov\u00e9ho batohu\u00a0ABS-airbag.  Lavinov\u00fd kurz doporu\u010dujeme absolvovat na skialpov\u00fdch ly\u017e\u00edch nebo na splitboardu \u010di snowboardu v kombinaci se sn\u011b\u017enicemi. V\u00fduka je dopln\u011bna o vzorovou t\u00faru a praktick\u00e1 v\u00fduka prob\u00edh\u00e1 p\u0159\u00edmo v ter\u00e9nu na t\u00fa\u0159e, v okol\u00ed Labsk\u00e9 boudy.  Dva ve\u010dery na Labsk\u00e9 boud\u011b se zku\u0161en\u00fdm horsk\u00fdm v\u016fdcem UIAGM v\u00e1m d\u00e1vaj\u00ed tak\u00e9 dostatek prostoru pro diskuse a va\u0161e dotazy. P\u0159i akc\u00edch pou\u017e\u00edv\u00e1me a zap\u016fj\u010dujeme outdoor vybaven\u00ed od Pieps, ABS avalanche airbag, SKI TRAB , Edelrid a Gara\u00a0Splitboards.\" \/>\n<meta property=\"og:url\" content=\"https:\/\/www.ckhimalaya.com\/en\/shop\/cesko-lavinovy-kurz-v-krkonosich-pod-vedenim-horskych-vudcu-uiagm\/\" \/>\n<meta property=\"og:site_name\" content=\"CK Himalaya\" \/>\n<meta property=\"article:publisher\" content=\"https:\/\/www.facebook.com\/ckhimalaya\/\" \/>\n<meta property=\"article:modified_time\" content=\"2025-12-17T17:36:42+00:00\" \/>\n<meta property=\"og:image\" content=\"https:\/\/www.ckhimalaya.com\/wp-content\/uploads\/2024\/05\/lavinovykurz-8.jpg\" \/>\n\t<meta property=\"og:image:width\" content=\"2200\" \/>\n\t<meta property=\"og:image:height\" content=\"1467\" \/>\n\t<meta property=\"og:image:type\" content=\"image\/jpeg\" \/>\n<meta name=\"twitter:card\" content=\"summary_large_image\" \/>\n<meta name=\"twitter:label1\" content=\"Est. reading time\" \/>\n\t<meta name=\"twitter:data1\" content=\"1 minute\" \/>\n<script type=\"application\/ld+json\" class=\"yoast-schema-graph\">{\"@context\":\"https:\/\/schema.org\",\"@graph\":[{\"@type\":\"WebPage\",\"@id\":\"https:\/\/www.ckhimalaya.com\/shop\/cesko-lavinovy-kurz-v-krkonosich-pod-vedenim-horskych-vudcu-uiagm\/\",\"url\":\"https:\/\/www.ckhimalaya.com\/shop\/cesko-lavinovy-kurz-v-krkonosich-pod-vedenim-horskych-vudcu-uiagm\/\",\"name\":\"\u010cesko - Lavinov\u00fd kurz v Krkono\u0161\u00edch pod veden\u00edm horsk\u00fdch v\u016fdc\u016f UIAGM - CK Himalaya\",\"isPartOf\":{\"@id\":\"https:\/\/www.ckhimalaya.com\/en\/#website\"},\"primaryImageOfPage\":{\"@id\":\"https:\/\/www.ckhimalaya.com\/shop\/cesko-lavinovy-kurz-v-krkonosich-pod-vedenim-horskych-vudcu-uiagm\/#primaryimage\"},\"image\":{\"@id\":\"https:\/\/www.ckhimalaya.com\/shop\/cesko-lavinovy-kurz-v-krkonosich-pod-vedenim-horskych-vudcu-uiagm\/#primaryimage\"},\"thumbnailUrl\":\"https:\/\/www.ckhimalaya.com\/wp-content\/uploads\/2024\/05\/lavinovykurz-8.jpg\",\"datePublished\":\"2024-12-03T12:37:59+00:00\",\"dateModified\":\"2025-12-17T17:36:42+00:00\",\"breadcrumb\":{\"@id\":\"https:\/\/www.ckhimalaya.com\/shop\/cesko-lavinovy-kurz-v-krkonosich-pod-vedenim-horskych-vudcu-uiagm\/#breadcrumb\"},\"inLanguage\":\"en-US\",\"potentialAction\":[{\"@type\":\"ReadAction\",\"target\":[\"https:\/\/www.ckhimalaya.com\/shop\/cesko-lavinovy-kurz-v-krkonosich-pod-vedenim-horskych-vudcu-uiagm\/\"]}]},{\"@type\":\"ImageObject\",\"inLanguage\":\"en-US\",\"@id\":\"https:\/\/www.ckhimalaya.com\/shop\/cesko-lavinovy-kurz-v-krkonosich-pod-vedenim-horskych-vudcu-uiagm\/#primaryimage\",\"url\":\"https:\/\/www.ckhimalaya.com\/wp-content\/uploads\/2024\/05\/lavinovykurz-8.jpg\",\"contentUrl\":\"https:\/\/www.ckhimalaya.com\/wp-content\/uploads\/2024\/05\/lavinovykurz-8.jpg\",\"width\":2200,\"height\":1467},{\"@type\":\"BreadcrumbList\",\"@id\":\"https:\/\/www.ckhimalaya.com\/shop\/cesko-lavinovy-kurz-v-krkonosich-pod-vedenim-horskych-vudcu-uiagm\/#breadcrumb\",\"itemListElement\":[{\"@type\":\"ListItem\",\"position\":1,\"name\":\"Dom\u016f\",\"item\":\"https:\/\/www.ckhimalaya.com\/en\/\"},{\"@type\":\"ListItem\",\"position\":2,\"name\":\"Produkty\",\"item\":\"https:\/\/www.ckhimalaya.com\/shop\/\"},{\"@type\":\"ListItem\",\"position\":3,\"name\":\"\u010cesko &#8211; Lavinov\u00fd kurz v Krkono\u0161\u00edch pod veden\u00edm horsk\u00fdch v\u016fdc\u016f UIAGM\"}]},{\"@type\":\"WebSite\",\"@id\":\"https:\/\/www.ckhimalaya.com\/en\/#website\",\"url\":\"https:\/\/www.ckhimalaya.com\/en\/\",\"name\":\"CK Himalaya\",\"description\":\"\",\"publisher\":{\"@id\":\"https:\/\/www.ckhimalaya.com\/en\/#organization\"},\"potentialAction\":[{\"@type\":\"SearchAction\",\"target\":{\"@type\":\"EntryPoint\",\"urlTemplate\":\"https:\/\/www.ckhimalaya.com\/en\/?s={search_term_string}\"},\"query-input\":{\"@type\":\"PropertyValueSpecification\",\"valueRequired\":true,\"valueName\":\"search_term_string\"}}],\"inLanguage\":\"en-US\"},{\"@type\":\"Organization\",\"@id\":\"https:\/\/www.ckhimalaya.com\/en\/#organization\",\"name\":\"CK Himalaya\",\"url\":\"https:\/\/www.ckhimalaya.com\/en\/\",\"logo\":{\"@type\":\"ImageObject\",\"inLanguage\":\"en-US\",\"@id\":\"https:\/\/www.ckhimalaya.com\/en\/#\/schema\/logo\/image\/\",\"url\":\"https:\/\/www.ckhimalaya.com\/wp-content\/uploads\/2024\/04\/Logo-White.png\",\"contentUrl\":\"https:\/\/www.ckhimalaya.com\/wp-content\/uploads\/2024\/04\/Logo-White.png\",\"width\":2232,\"height\":645,\"caption\":\"CK Himalaya\"},\"image\":{\"@id\":\"https:\/\/www.ckhimalaya.com\/en\/#\/schema\/logo\/image\/\"},\"sameAs\":[\"https:\/\/www.facebook.com\/ckhimalaya\/\",\"https:\/\/www.instagram.com\/ck.himalaya\/\"]}]}<\/script>\n<!-- \/ Yoast SEO plugin. -->","yoast_head_json":{"title":"\u010cesko - Lavinov\u00fd kurz v Krkono\u0161\u00edch pod veden\u00edm horsk\u00fdch v\u016fdc\u016f UIAGM - CK Himalaya","robots":{"index":"index","follow":"follow","max-snippet":"max-snippet:-1","max-image-preview":"max-image-preview:large","max-video-preview":"max-video-preview:-1"},"canonical":"https:\/\/www.ckhimalaya.com\/en\/shop\/cesko-lavinovy-kurz-v-krkonosich-pod-vedenim-horskych-vudcu-uiagm\/","og_locale":"en_US","og_type":"article","og_title":"\u010cesko - Lavinov\u00fd kurz v Krkono\u0161\u00edch pod veden\u00edm horsk\u00fdch v\u016fdc\u016f UIAGM - CK Himalaya","og_description":"V tomto lavinov\u00e9m kurzu si b\u011bhem tr\u00e9ninku zakl\u00e1d\u00e1me na mal\u00fdch skupink\u00e1ch a individu\u00e1ln\u00edm p\u0159\u00edstupu.  Lavinov\u00fd kurz trv\u00e1 2,5 dne. Zahajujeme ve\u010der p\u0159\u00edchodem na chatu a teoretickou p\u0159edn\u00e1\u0161kou. Kombinujeme interaktivn\u00ed v\u00fduku na chat\u011b s prax\u00ed v ter\u00e9nu v okol\u00ed Labsk\u00e9 boudy. K dispozici m\u00e1me trena\u017eer Pieps ART, v\u00fdukovou plachtu ARVA a tr\u00e9ninkov\u00fd 3D model pro pl\u00e1nov\u00e1n\u00ed t\u00fary Ortovox SAM (Safety Academy Mountain). Vyzkou\u0161\u00edte si pr\u00e1ci s jednotliv\u00fdmi typy lavinov\u00fdch vyhled\u00e1va\u010d\u016f, nacvi\u010d\u00edte si hled\u00e1n\u00ed jednoho a v\u00edce zasypan\u00fdch v lavin\u011b a jejich z\u00e1chranu a z\u00e1klady prvn\u00ed pomoci. Nau\u010d\u00edte se poznat potenci\u00e1ln\u011b nebezpe\u010dn\u00fd ter\u00e9n, jak napl\u00e1novat t\u00faru a jak se chovat v lavin\u011b, kdy\u017e u\u017e se do n\u00ed dostanete. Vyzkou\u0161et si m\u016f\u017eete pocit zasypan\u00e9ho. Sezn\u00e1m\u00edte se s funkc\u00ed lavinov\u00e9ho batohu\u00a0ABS-airbag.  Lavinov\u00fd kurz doporu\u010dujeme absolvovat na skialpov\u00fdch ly\u017e\u00edch nebo na splitboardu \u010di snowboardu v kombinaci se sn\u011b\u017enicemi. V\u00fduka je dopln\u011bna o vzorovou t\u00faru a praktick\u00e1 v\u00fduka prob\u00edh\u00e1 p\u0159\u00edmo v ter\u00e9nu na t\u00fa\u0159e, v okol\u00ed Labsk\u00e9 boudy.  Dva ve\u010dery na Labsk\u00e9 boud\u011b se zku\u0161en\u00fdm horsk\u00fdm v\u016fdcem UIAGM v\u00e1m d\u00e1vaj\u00ed tak\u00e9 dostatek prostoru pro diskuse a va\u0161e dotazy. P\u0159i akc\u00edch pou\u017e\u00edv\u00e1me a zap\u016fj\u010dujeme outdoor vybaven\u00ed od Pieps, ABS avalanche airbag, SKI TRAB , Edelrid a Gara\u00a0Splitboards.","og_url":"https:\/\/www.ckhimalaya.com\/en\/shop\/cesko-lavinovy-kurz-v-krkonosich-pod-vedenim-horskych-vudcu-uiagm\/","og_site_name":"CK Himalaya","article_publisher":"https:\/\/www.facebook.com\/ckhimalaya\/","article_modified_time":"2025-12-17T17:36:42+00:00","og_image":[{"width":2200,"height":1467,"url":"https:\/\/www.ckhimalaya.com\/wp-content\/uploads\/2024\/05\/lavinovykurz-8.jpg","type":"image\/jpeg"}],"twitter_card":"summary_large_image","twitter_misc":{"Est. reading time":"1 minute"},"schema":{"@context":"https:\/\/schema.org","@graph":[{"@type":"WebPage","@id":"https:\/\/www.ckhimalaya.com\/shop\/cesko-lavinovy-kurz-v-krkonosich-pod-vedenim-horskych-vudcu-uiagm\/","url":"https:\/\/www.ckhimalaya.com\/shop\/cesko-lavinovy-kurz-v-krkonosich-pod-vedenim-horskych-vudcu-uiagm\/","name":"\u010cesko - Lavinov\u00fd kurz v Krkono\u0161\u00edch pod veden\u00edm horsk\u00fdch v\u016fdc\u016f UIAGM - CK Himalaya","isPartOf":{"@id":"https:\/\/www.ckhimalaya.com\/en\/#website"},"primaryImageOfPage":{"@id":"https:\/\/www.ckhimalaya.com\/shop\/cesko-lavinovy-kurz-v-krkonosich-pod-vedenim-horskych-vudcu-uiagm\/#primaryimage"},"image":{"@id":"https:\/\/www.ckhimalaya.com\/shop\/cesko-lavinovy-kurz-v-krkonosich-pod-vedenim-horskych-vudcu-uiagm\/#primaryimage"},"thumbnailUrl":"https:\/\/www.ckhimalaya.com\/wp-content\/uploads\/2024\/05\/lavinovykurz-8.jpg","datePublished":"2024-12-03T12:37:59+00:00","dateModified":"2025-12-17T17:36:42+00:00","breadcrumb":{"@id":"https:\/\/www.ckhimalaya.com\/shop\/cesko-lavinovy-kurz-v-krkonosich-pod-vedenim-horskych-vudcu-uiagm\/#breadcrumb"},"inLanguage":"en-US","potentialAction":[{"@type":"ReadAction","target":["https:\/\/www.ckhimalaya.com\/shop\/cesko-lavinovy-kurz-v-krkonosich-pod-vedenim-horskych-vudcu-uiagm\/"]}]},{"@type":"ImageObject","inLanguage":"en-US","@id":"https:\/\/www.ckhimalaya.com\/shop\/cesko-lavinovy-kurz-v-krkonosich-pod-vedenim-horskych-vudcu-uiagm\/#primaryimage","url":"https:\/\/www.ckhimalaya.com\/wp-content\/uploads\/2024\/05\/lavinovykurz-8.jpg","contentUrl":"https:\/\/www.ckhimalaya.com\/wp-content\/uploads\/2024\/05\/lavinovykurz-8.jpg","width":2200,"height":1467},{"@type":"BreadcrumbList","@id":"https:\/\/www.ckhimalaya.com\/shop\/cesko-lavinovy-kurz-v-krkonosich-pod-vedenim-horskych-vudcu-uiagm\/#breadcrumb","itemListElement":[{"@type":"ListItem","position":1,"name":"Dom\u016f","item":"https:\/\/www.ckhimalaya.com\/en\/"},{"@type":"ListItem","position":2,"name":"Produkty","item":"https:\/\/www.ckhimalaya.com\/shop\/"},{"@type":"ListItem","position":3,"name":"\u010cesko &#8211; Lavinov\u00fd kurz v Krkono\u0161\u00edch pod veden\u00edm horsk\u00fdch v\u016fdc\u016f UIAGM"}]},{"@type":"WebSite","@id":"https:\/\/www.ckhimalaya.com\/en\/#website","url":"https:\/\/www.ckhimalaya.com\/en\/","name":"Himalaya","description":"","publisher":{"@id":"https:\/\/www.ckhimalaya.com\/en\/#organization"},"potentialAction":[{"@type":"SearchAction","target":{"@type":"EntryPoint","urlTemplate":"https:\/\/www.ckhimalaya.com\/en\/?s={search_term_string}"},"query-input":{"@type":"PropertyValueSpecification","valueRequired":true,"valueName":"search_term_string"}}],"inLanguage":"en-US"},{"@type":"Organization","@id":"https:\/\/www.ckhimalaya.com\/en\/#organization","name":"Himalaya","url":"https:\/\/www.ckhimalaya.com\/en\/","logo":{"@type":"ImageObject","inLanguage":"en-US","@id":"https:\/\/www.ckhimalaya.com\/en\/#\/schema\/logo\/image\/","url":"https:\/\/www.ckhimalaya.com\/wp-content\/uploads\/2024\/04\/Logo-White.png","contentUrl":"https:\/\/www.ckhimalaya.com\/wp-content\/uploads\/2024\/04\/Logo-White.png","width":2232,"height":645,"caption":"CK Himalaya"},"image":{"@id":"https:\/\/www.ckhimalaya.com\/en\/#\/schema\/logo\/image\/"},"sameAs":["https:\/\/www.facebook.com\/ckhimalaya\/","https:\/\/www.instagram.com\/ck.himalaya\/"]}]}},"_links":{"self":[{"href":"https:\/\/www.ckhimalaya.com\/en\/wp-json\/wp\/v2\/product\/6449","targetHints":{"allow":["GET"]}}],"collection":[{"href":"https:\/\/www.ckhimalaya.com\/en\/wp-json\/wp\/v2\/product"}],"about":[{"href":"https:\/\/www.ckhimalaya.com\/en\/wp-json\/wp\/v2\/types\/product"}],"replies":[{"embeddable":true,"href":"https:\/\/www.ckhimalaya.com\/en\/wp-json\/wp\/v2\/comments?post=6449"}],"version-history":[{"count":2,"href":"https:\/\/www.ckhimalaya.com\/en\/wp-json\/wp\/v2\/product\/6449\/revisions"}],"predecessor-version":[{"id":7096,"href":"https:\/\/www.ckhimalaya.com\/en\/wp-json\/wp\/v2\/product\/6449\/revisions\/7096"}],"wp:featuredmedia":[{"embeddable":true,"href":"https:\/\/www.ckhimalaya.com\/en\/wp-json\/wp\/v2\/media\/3362"}],"wp:attachment":[{"href":"https:\/\/www.ckhimalaya.com\/en\/wp-json\/wp\/v2\/media?parent=6449"}],"wp:term":[{"taxonomy":"product_brand","embeddable":true,"href":"https:\/\/www.ckhimalaya.com\/en\/wp-json\/wp\/v2\/product_brand?post=6449"},{"taxonomy":"product_cat","embeddable":true,"href":"https:\/\/www.ckhimalaya.com\/en\/wp-json\/wp\/v2\/product_cat?post=6449"},{"taxonomy":"product_tag","embeddable":true,"href":"https:\/\/www.ckhimalaya.com\/en\/wp-json\/wp\/v2\/product_tag?post=6449"}],"curies":[{"name":"wp","href":"https:\/\/api.w.org\/{rel}","templated":true}]}}